{"id":6635,"date":"2024-01-20T14:40:15","date_gmt":"2024-01-20T11:40:15","guid":{"rendered":"http:\/\/impreza.us-themes.com\/?page_id=6635"},"modified":"2024-02-18T00:07:29","modified_gmt":"2024-02-17T21:07:29","slug":"halisahayapanfirmalar","status":"publish","type":"page","link":"https:\/\/www.halisahayapanfirmalar.com\/de\/","title":{"rendered":"hal\u0131 saha yapan firmalar Hal\u0131 saha Yap\u0131m\u0131"},"content":{"rendered":"<section class=\"l-section wpb_row height_custom color_primary with_shape\"><div class=\"l-section-shape type_zigzag pos_bottom\" style=\"height:15vmin;\"><svg xmlns=\"http:\/\/www.w3.org\/2000\/svg\" viewbox=\"0 0 64 8\" preserveaspectratio=\"none\" width=\"100%\" height=\"100%\">\r\n\t<path fill=\"currentColor\" d=\"M64 8 L0 8 L0 0 L20 7.9 L40 3 L48 5 L64 0 Z\"\/>\r\n<\/svg><\/div><div class=\"l-section-h i-cf\"><div class=\"g-cols vc_row via_grid cols_1 laptops-cols_inherit tablets-cols_inherit mobiles-cols_1 valign_top type_default stacking_default\"><div class=\"wpb_column vc_column_container\"><div class=\"vc_column-inner\"><h2 class=\"w-itext us_custom_2980cf9e type_fadeIn align_center disable_part_animation\" onclick='return {&quot;duration&quot;:250,&quot;delay&quot;:2000,&quot;disablePartAnimation&quot;:true,&quot;html_nbsp_char&quot;:false}'><span class=\"w-itext-part changesat_0 changesat_1 changesat_2 changesat_3 changesat_4 changesat_5 changesat_6 changesat_7 changesat_8 dynamic\" onclick='return [&quot;Hal\\u0131 Saha Yapan Firmalar&quot;,&quot;Basketbol Sahas\\u0131 Yapan Firmalar&quot;,&quot;\\u00c7ok Ama\\u00e7l\\u0131 Saha Yapan Firmalar&quot;,&quot;Hal\\u0131 Saha Branda&quot;,&quot;Hal\\u0131 Saha Gran\\u00fcl&quot;,&quot;Hl\\u0131 Saha \\u00c7uni \\u00c7im&quot;,&quot;55mm suni \\u00e7im&quot;,&quot;Hal\\u0131 Saha Yap\\u0131m\\u0131&quot;,&quot;Hal\\u0131 Saha Maliyeti&quot;]'><span>Unternehmen, die Kunstrasen herstellen<\/span><\/span><\/h2><div class=\"w-separator size_small\"><\/div><div class=\"w-btn-wrapper align_center\"><a class=\"w-btn us-btn-style_4 us_custom_04bac797\" target=\"_blank\" href=\"https:\/\/www.halisahayapanfirmalar.com\/de\/\" rel=\"noopener\"><span class=\"w-btn-label\">Alle unsere Dienstleistungen<\/span><\/a><\/div><div class=\"w-separator size_custom\" style=\"height:12vh\"><\/div><\/div><\/div><\/div><\/div><\/section><section class=\"l-section wpb_row height_custom\" id=\"features\"><div class=\"l-section-h i-cf\"><div class=\"g-cols vc_row via_grid cols_4 laptops-cols_2 tablets-cols_2 mobiles-cols_1 valign_top type_default stacking_default\"><div class=\"wpb_column vc_column_container\"><div class=\"vc_column-inner\"><div class=\"w-iconbox iconpos_top style_default color_primary align_left\"><a href=\"#first\" class=\"w-iconbox-link\" aria-label=\"Unternehmen, die Kunstrasen herstellen\"><div class=\"w-iconbox-icon\" style=\"font-size:3.3rem;\"><i class=\"fal fa-layer-group\"><\/i><\/div><\/a><div class=\"w-iconbox-meta\"><a href=\"#first\" class=\"w-iconbox-link\" aria-label=\"Unternehmen, die Kunstrasen herstellen\"><h2 class=\"w-iconbox-title\" style=\"font-size:1.5rem;\">Unternehmen, die Kunstrasen herstellen<\/h2><\/a><div class=\"w-iconbox-text\"><p>Wenn Sie auf der Suche nach Kunstrasenbau sind, also nach Unternehmen, die Kunstrasen herstellen, sind Sie hier genau richtig. Rufen Sie uns zwischen 09 und 20 Uhr an, um Einzelheiten zu erfahren.<\/p>\n<\/div><\/div><\/div><\/div><\/div><div class=\"wpb_column vc_column_container\"><div class=\"vc_column-inner\"><div class=\"w-iconbox iconpos_top style_default color_primary align_left\"><a href=\"#second\" class=\"w-iconbox-link\" aria-label=\"Unternehmen, die Outdoor-Kunstrasenpl\u00e4tze herstellen\"><div class=\"w-iconbox-icon\" style=\"font-size:3.3rem;\"><i class=\"fal fa-pencil-ruler\"><\/i><\/div><\/a><div class=\"w-iconbox-meta\"><a href=\"#second\" class=\"w-iconbox-link\" aria-label=\"Unternehmen, die Outdoor-Kunstrasenpl\u00e4tze herstellen\"><h4 class=\"w-iconbox-title\">Unternehmen, die Outdoor-Kunstrasenpl\u00e4tze herstellen<\/h4><\/a><div class=\"w-iconbox-text\"><p>Es ist unsere Aufgabe, Unternehmen f\u00fcr Outdoor-Kunstrasen aufzubauen. Wir fertigen und liefern Ihren Kunstrasen in nur 20 Tagen.<\/p>\n<\/div><\/div><\/div><\/div><\/div><div class=\"wpb_column vc_column_container\"><div class=\"vc_column-inner\"><div class=\"w-iconbox iconpos_top style_default color_primary align_left\"><a href=\"#third\" class=\"w-iconbox-link\" aria-label=\"Unternehmen, die Kunstrasen herstellen\"><div class=\"w-iconbox-icon\" style=\"font-size:3.3rem;\"><i class=\"fal fa-tablet-alt\"><\/i><\/div><\/a><div class=\"w-iconbox-meta\"><a href=\"#third\" class=\"w-iconbox-link\" aria-label=\"Unternehmen, die Kunstrasen herstellen\"><h2 class=\"w-iconbox-title\" style=\"font-size:1.5rem;\">Unternehmen, die Kunstrasen herstellen<\/h2><\/a><div class=\"w-iconbox-text\"><p>Wir \u00fcbernehmen f\u00fcr Sie den Bau von Indoor- und Outdoor-Kunstrasenanlagen zu g\u00fcnstigen Preisen.<\/p>\n<\/div><\/div><\/div><\/div><\/div><div class=\"wpb_column vc_column_container\"><div class=\"vc_column-inner\"><div class=\"w-iconbox iconpos_top style_default color_primary align_left\"><a href=\"#fourth\" class=\"w-iconbox-link\" aria-label=\"Unternehmen, die Kunstrasen herstellen\"><div class=\"w-iconbox-icon\" style=\"font-size:3.3rem;\"><i class=\"fal fa-tachometer-alt-fastest\"><\/i><\/div><\/a><div class=\"w-iconbox-meta\"><a href=\"#fourth\" class=\"w-iconbox-link\" aria-label=\"Unternehmen, die Kunstrasen herstellen\"><h2 class=\"w-iconbox-title\" style=\"font-size:1.5rem;\">Unternehmen, die Kunstrasen herstellen<\/h2><\/a><div class=\"w-iconbox-text\"><p>Unternehmen, die Kunstrasenpl\u00e4tze herstellen \u2013 Unternehmen, die Kunstrasen f\u00fcr den Au\u00dfenbereich, Kunstrasenteppiche, Kunstrasenplanen herstellen, Unternehmen, die Basketballpl\u00e4tze und 180*105 K\u00f6rbe mit Glasr\u00fcckseite herstellen\u00a0<\/p>\n<\/div><\/div><\/div><\/div><\/div><\/div><\/div><\/section><section class=\"l-section wpb_row us_custom_29930c3d height_custom\" id=\"first\"><div class=\"l-section-h i-cf\"><div class=\"g-cols vc_row via_grid cols_1 laptops-cols_inherit tablets-cols_inherit mobiles-cols_1 valign_top type_default stacking_default\"><div class=\"wpb_column vc_column_container\"><div class=\"vc_column-inner\"><div class=\"w-btn-wrapper align_center\"><a class=\"w-btn us-btn-style_1\" href=\"\/de\/portfolio\/\"><span class=\"w-btn-label\">Einige Felder, auf denen es regnet<\/span><\/a><\/div><\/div><\/div><\/div><\/div><\/section><section class=\"l-section wpb_row us_custom_ce5ab39e height_custom color_primary with_img parallax_fixed with_shape\" id=\"second\"><div class=\"l-section-img\" data-img-width=\"2560\" data-img-height=\"1440\" style=\"background-image: url(https:\/\/www.halisahayapanfirmalar.com\/resimler\/2023\/04\/hali-sah-avadi-park-scaled.jpg);background-position: top left;background-repeat: no-repeat;\"><\/div><div class=\"l-section-overlay\" style=\"background:rgba(25,25,25,0.51)\"><\/div><div class=\"l-section-shape type_wave pos_bottom\" style=\"height:15vmin;\"><svg xmlns=\"http:\/\/www.w3.org\/2000\/svg\" viewbox=\"0 4 64 4\" preserveaspectratio=\"none\" width=\"100%\" height=\"100%\">\r\n\t<path fill=\"currentColor\" d=\"M64 6 C32 0 32 12 0 6 L0 8 L64 8 Z\"\/>\r\n<\/svg><\/div><div class=\"l-section-h i-cf\"><div class=\"g-cols vc_row via_grid cols_1 laptops-cols_inherit tablets-cols_inherit mobiles-cols_1 valign_middle type_default stacking_default\"><div class=\"wpb_column vc_column_container\"><div class=\"vc_column-inner\"><div class=\"wpb_text_column\"><div class=\"wpb_wrapper\"><h2 style=\"text-align: center;\">\u201eWir haben bisher Hunderte von Kunstrasenpl\u00e4tzen und Sportanlagen gebaut.\u201c<\/h2>\n<\/div><\/div><div class=\"w-separator size_large\"><\/div><div class=\"g-cols wpb_row via_grid cols_4 laptops-cols_inherit tablets-cols_inherit mobiles-cols_1 valign_top type_default stacking_default\"><div class=\"wpb_column vc_column_container\"><div class=\"vc_column-inner\"><div class=\"w-counter us_custom_69e32a11 color_heading align_center has_font_size\" data-duration=\"2\"><div class=\"w-counter-value\"><span class=\"w-counter-value-part type_text\" data-final=\"\"><\/span><span class=\"w-counter-value-part type_number\" data-final=\"550\">0<\/span><span class=\"w-counter-value-part type_text\" data-final=\"+\">+<\/span><\/div><h3 class=\"w-counter-title\" style=\"font-size:1.2rem;\">Bereiche, an denen wir arbeiten<\/h3><\/div><\/div><\/div><div class=\"wpb_column vc_column_container\"><div class=\"vc_column-inner\"><div class=\"w-counter us_custom_69e32a11 color_primary align_center has_font_size\" data-duration=\"2\"><div class=\"w-counter-value\"><span class=\"w-counter-value-part type_text\" data-final=\"\"><\/span><span class=\"w-counter-value-part type_number\" data-final=\"95\">0<\/span><span class=\"w-counter-value-part type_text\" data-final=\"%\">%<\/span><\/div><h3 class=\"w-counter-title\" style=\"font-size:1.2rem;\">Positives Feedback<\/h3><\/div><\/div><\/div><div class=\"wpb_column vc_column_container\"><div class=\"vc_column-inner\"><div class=\"w-counter us_custom_69e32a11 color_heading align_center has_font_size\" data-duration=\"2\"><div class=\"w-counter-value\"><span class=\"w-counter-value-part type_text\" data-final=\"\"><\/span><span class=\"w-counter-value-part type_number\" data-final=\"525\">0<\/span><span class=\"w-counter-value-part type_text\" data-final=\"\"><\/span><\/div><h3 class=\"w-counter-title\" style=\"font-size:1.2rem;\">Abgeschlossene Projekte<\/h3><\/div><\/div><\/div><div class=\"wpb_column vc_column_container\"><div class=\"vc_column-inner\"><div class=\"w-counter us_custom_69e32a11 color_custom align_center has_font_size\" data-duration=\"2\"><div class=\"w-counter-value\" style=\"color:#fc0876;\"><span class=\"w-counter-value-part type_text\" data-final=\"$\">$<\/span><span class=\"w-counter-value-part type_number\" data-final=\"28\">0<\/span><span class=\"w-counter-value-part type_text\" data-final=\"\"><\/span><\/div><h3 class=\"w-counter-title\" style=\"font-size:1.2rem;\">Durchschnittliche Kosten f\u00fcr Kunstrasenpl\u00e4tze<\/h3><\/div><\/div><\/div><\/div><div class=\"w-separator size_custom\" style=\"height:10vh\"><\/div><\/div><\/div><\/div><\/div><\/section><section class=\"l-section wpb_row us_custom_d375008d height_auto\" id=\"third\"><div class=\"l-section-h i-cf\"><div class=\"g-cols vc_row via_grid cols_1 laptops-cols_inherit tablets-cols_inherit mobiles-cols_1 valign_top type_default stacking_default\"><div class=\"wpb_column vc_column_container\"><div class=\"vc_column-inner\"><div class=\"w-separator size_huge\"><\/div><div class=\"wpb_text_column\"><div class=\"wpb_wrapper\"><h2 style=\"text-align: center;\">Einige unserer Dienstleistungen<\/h2>\n<\/div><\/div><div class=\"w-separator size_large\"><\/div><div class=\"g-cols wpb_row via_grid cols_3 laptops-cols_inherit tablets-cols_inherit mobiles-cols_1 valign_top type_default stacking_default\"><div class=\"wpb_column vc_column_container\"><div class=\"vc_column-inner\"><div class=\"w-iconbox iconpos_left style_default color_primary align_left\"><div class=\"w-iconbox-icon\" style=\"font-size:2rem;\"><i class=\"far fa-layer-group\"><\/i><\/div><div class=\"w-iconbox-meta\"><h3 class=\"w-iconbox-title\" style=\"font-size:1.5rem;\">Kunstrasengranulat<\/h3><div class=\"w-iconbox-text\"><p>Unternehmen, die Kunstrasengranulat verkaufen. Kunstrasen-Granulatfabrik. Unternehmen, die graues, schwarzes und wei\u00dfes Granulat f\u00fcr Kunstrasen verkaufen. Wie hoch ist der Preis pro Tonne?<\/p>\n<\/div><\/div><\/div><\/div><\/div><div class=\"wpb_column vc_column_container\"><div class=\"vc_column-inner\"><div class=\"w-iconbox iconpos_left style_default color_primary align_left\"><div class=\"w-iconbox-icon\" style=\"font-size:2rem;\"><i class=\"far fa-thumbs-up\"><\/i><\/div><div class=\"w-iconbox-meta\"><h3 class=\"w-iconbox-title\" style=\"font-size:1.5rem;\">Kunstrasen Kunstrasen<\/h3><div class=\"w-iconbox-text\"><p>Unternehmen, die Kunstrasen f\u00fcr Kunstrasen verkaufen. Unternehmen, die 55-mm-Kunstrasen f\u00fcr Kunstrasen verkaufen, Unternehmen, die Kunstrasenteppiche verkaufen, Unternehmen, die Fifa-Teppiche herstellen und verkaufen<\/p>\n<\/div><\/div><\/div><\/div><\/div><div class=\"wpb_column vc_column_container\"><div class=\"vc_column-inner\"><div class=\"w-iconbox iconpos_left style_default color_primary align_left\"><div class=\"w-iconbox-icon\" style=\"font-size:2rem;\"><i class=\"far fa-tablet-alt\"><\/i><\/div><div class=\"w-iconbox-meta\"><h4 class=\"w-iconbox-title\">Kunstrasen-Leinwand<\/h4><div class=\"w-iconbox-text\"><p>Unternehmen, die Kunstrasenplanen verkaufen. Unternehmen, die Kunstrasenplanen herstellen. Unternehmen, die Kunstrasenplanen reparieren. Hersteller von Kunstrasenplanen. Meister der Kunstrasenplane<\/p>\n<\/div><\/div><\/div><\/div><\/div><div class=\"wpb_column vc_column_container\"><div class=\"vc_column-inner\"><div class=\"w-iconbox iconpos_left style_default color_primary align_left\"><div class=\"w-iconbox-icon\" style=\"font-size:2rem;\"><i class=\"far fa-heart\"><\/i><\/div><div class=\"w-iconbox-meta\"><h3 class=\"w-iconbox-title\" style=\"font-size:1.5rem;\">Kunstrasenreparatur<\/h3><div class=\"w-iconbox-text\"><p>Unternehmen, die Kunstrasen reparieren. Experten f\u00fcr die Reparatur von Kunstrasen. Reparatur von Kunstrasenteppichen. Reparatur und Instandsetzung von Kunstrasen.<\/p>\n<\/div><\/div><\/div><\/div><\/div><div class=\"wpb_column vc_column_container\"><div class=\"vc_column-inner\"><div class=\"w-iconbox iconpos_left style_default color_primary align_left\"><div class=\"w-iconbox-icon\" style=\"font-size:2rem;\"><i class=\"far fa-globe\"><\/i><\/div><div class=\"w-iconbox-meta\"><h4 class=\"w-iconbox-title\">K\u00fcnstliches Felddeckennetz<\/h4><div class=\"w-iconbox-text\"><p>Unternehmen, die Astro-Rasen-Deckennetze verkaufen, Unternehmen, die Astro-Rasen-Deckennetze herstellen, Unternehmen, die Astro-Rasennetze und Feldnetze verkaufen<\/p>\n<\/div><\/div><\/div><\/div><\/div><div class=\"wpb_column vc_column_container\"><div class=\"vc_column-inner\"><div class=\"w-iconbox iconpos_left style_default color_primary align_left\"><div class=\"w-iconbox-icon\" style=\"font-size:2rem;\"><i class=\"far fa-image\"><\/i><\/div><div class=\"w-iconbox-meta\"><h4 class=\"w-iconbox-title\">Acryl-Bodenanwendung<\/h4><div class=\"w-iconbox-text\"><p>Unternehmen f\u00fcr Acrylbodenbel\u00e4ge. Acryl-Bodenmaler. Unternehmen, die Acryl-Feldfarben herstellen. Acrylfarbe, Acryl<\/p>\n<\/div><\/div><\/div><\/div><\/div><div class=\"wpb_column vc_column_container\"><div class=\"vc_column-inner\"><div class=\"w-iconbox iconpos_left style_default color_primary align_left\"><div class=\"w-iconbox-icon\" style=\"font-size:2rem;\"><i class=\"far fa-th\"><\/i><\/div><div class=\"w-iconbox-meta\"><h3 class=\"w-iconbox-title\" style=\"font-size:1.5rem;\">Stahlkonstruktion<\/h3><div class=\"w-iconbox-text\"><p>Kunstrasen-Stahlbauunternehmen, Fabriklagerhangar, schwerer Leichtstahlbau, Meisterteam, Meisterunternehmen, Herstellungs- und Montageunternehmen<\/p>\n<\/div><\/div><\/div><\/div><\/div><div class=\"wpb_column vc_column_container\"><div class=\"vc_column-inner\"><div class=\"w-iconbox iconpos_left style_default color_primary align_left\"><div class=\"w-iconbox-icon\" style=\"font-size:2rem;\"><i class=\"far fa-th\"><\/i><\/div><div class=\"w-iconbox-meta\"><h3 class=\"w-iconbox-title\" style=\"font-size:1.5rem;\">Kunstrasen-Drahtgeflecht<\/h3><div class=\"w-iconbox-text\"><p>Astroturf Field Wire Mesh PVC-beschichtet 5\u00d75 3mm 4*4, 3,5mm oder Kunstrasenzaun 5*5 3,5mm Wenn Sie nach Unternehmen suchen, die Kunstrasen-Drahtgeflecht herstellen und verkaufen, kontaktieren Sie uns bitte.<\/p>\n<\/div><\/div><\/div><\/div><\/div><div class=\"wpb_column vc_column_container\"><div class=\"vc_column-inner\"><div class=\"w-iconbox iconpos_left style_default color_primary align_left\"><div class=\"w-iconbox-icon\" style=\"font-size:2rem;\"><i class=\"far fa-th\"><\/i><\/div><div class=\"w-iconbox-meta\"><h3 class=\"w-iconbox-title\" style=\"font-size:1.5rem;\">Bau eines Kunstrasenplatzes im Freien<\/h3><div class=\"w-iconbox-text\"><p>Unternehmen, die in T\u00fcrkiye Kunstrasen f\u00fcr den Au\u00dfenbereich herstellen\u00a0<a href=\"https:\/\/www.ikberspor.com\/\">Bau eines Kunstrasenplatzes im Freien<\/a> , Bau eines Kunstrasenplatzes im Freien, Kosten f\u00fcr einen Kunstrasenplatz im Freien, 20\u00d740 50\u00d730 15*30 Minifeld<\/p>\n<\/div><\/div><\/div><\/div><\/div><div class=\"wpb_column vc_column_container\"><div class=\"vc_column-inner\"><div class=\"w-iconbox iconpos_left style_default color_primary align_left\"><div class=\"w-iconbox-icon\" style=\"font-size:2rem;\"><i class=\"far fa-code\"><\/i><\/div><div class=\"w-iconbox-meta\"><h3 class=\"w-iconbox-title\" style=\"font-size:1.5rem;\">Tennisplatz<\/h3><div class=\"w-iconbox-text\"><p>Wir sind hier, um alle notwendigen Informationen \u00fcber Tennisplatzbauunternehmen, Tennisplatzkosten und Tennisplatzbau-Tennisplatzbauunternehmen bereitzustellen.<\/p>\n<\/div><\/div><\/div><\/div><\/div><div class=\"wpb_column vc_column_container\"><div class=\"vc_column-inner\"><div class=\"w-iconbox iconpos_left style_default color_primary align_left\"><div class=\"w-iconbox-icon\" style=\"font-size:2rem;\"><i class=\"far fa-edit\"><\/i><\/div><div class=\"w-iconbox-meta\"><h3 class=\"w-iconbox-title\" style=\"font-size:1.5rem;\">Bau eines Indoor-Kunstrasenplatzes<\/h3><div class=\"w-iconbox-text\"><p>Kontaktieren Sie uns f\u00fcr Unternehmen zur Herstellung von Indoor-Kunstrasen, Unternehmen f\u00fcr den Bau schl\u00fcsselfertiger Indoor-Kunstrasen, Ratenzahlungen, Kosten f\u00fcr Indoor-Kunstrasenpl\u00e4tze und den Bau von Indoor-Kunstrasen. Sie k\u00f6nnen zwischen 09 und 20 Uhr anrufen.<\/p>\n<\/div><\/div><\/div><\/div><\/div><div class=\"wpb_column vc_column_container\"><div class=\"vc_column-inner\"><div class=\"w-iconbox iconpos_left style_default color_primary align_left\"><a href=\"https:\/\/www.halisahayapanfirmalar.com\/de\/hochmoderner-schweismeister\/\" class=\"w-iconbox-link\" aria-label=\"Kunstrasen-Schwei\u00dfmeister\"><div class=\"w-iconbox-icon\" style=\"font-size:2rem;\"><i class=\"far fa-edit\"><\/i><\/div><\/a><div class=\"w-iconbox-meta\"><a href=\"https:\/\/www.halisahayapanfirmalar.com\/de\/hochmoderner-schweismeister\/\" class=\"w-iconbox-link\" aria-label=\"Kunstrasen-Schwei\u00dfmeister\"><h3 class=\"w-iconbox-title\" style=\"font-size:1.5rem;\">Kunstrasen-Schwei\u00dfmeister<\/h3><\/a><div class=\"w-iconbox-text\"><p>Meister zum Schwei\u00dfen von Kunstrasenrasen im Innenbereich, Meister zum Schwei\u00dfen von Kunstrasen im Freien, Meister zum Schwei\u00dfen von Kunstrasenfeldern, Meister zum Schwei\u00dfen von Karkassen, <a alt\"hal\u0131 saha kaynak ustaas\u0131\" href=\"https:\/\/www.halisahayapanfirmalar.com\/de\/hochmoderner-schweismeister\/\">Kunstrasen-Eisenschwei\u00dfer<\/a> Team, Kunstrasen-Stahlbau-Schwei\u00dfteammeister.<\/p>\n<\/div><\/div><\/div><\/div><\/div><div class=\"wpb_column vc_column_container\"><div class=\"vc_column-inner\"><div class=\"w-iconbox iconpos_left style_default color_primary align_left\"><div class=\"w-iconbox-icon\" style=\"font-size:2rem;\"><i class=\"far fa-cog\"><\/i><\/div><div class=\"w-iconbox-meta\"><h3 class=\"w-iconbox-title\" style=\"font-size:1.5rem;\">Mehrzweckfeld<\/h3><div class=\"w-iconbox-text\"><p>Unternehmen, die Mehrzweckfelder herstellen, Kosten f\u00fcr Mehrzweckfelder und Bau von Mehrzweckfeldern, Preise f\u00fcr Mehrzweck-Basketballpl\u00e4tze in m2, Kosten f\u00fcr Mehrzweck-Sportpl\u00e4tze, Preise f\u00fcr Mehrzweck-Sportpl\u00e4tze in m2,<\/p>\n<\/div><\/div><\/div><\/div><\/div><div class=\"wpb_column vc_column_container\"><div class=\"vc_column-inner\"><div class=\"w-iconbox iconpos_left style_default color_primary align_left\"><div class=\"w-iconbox-icon\" style=\"font-size:2rem;\"><i class=\"far fa-cog\"><\/i><\/div><div class=\"w-iconbox-meta\"><h3 class=\"w-iconbox-title\" style=\"font-size:1.5rem;\">Bau eines Basketballplatzes<\/h3><div class=\"w-iconbox-text\"><p>Unternehmen f\u00fcr den Bau von Basketballpl\u00e4tzen, Kosten f\u00fcr Basketballpl\u00e4tze, Basketballkorb, Bauunternehmen f\u00fcr Basketballpl\u00e4tze, Unternehmen, die Basketballk\u00f6rbe verkaufen, Unternehmen, die Basketballpl\u00e4tze aus Acryl herstellen<\/p>\n<\/div><\/div><\/div><\/div><\/div><div class=\"wpb_column vc_column_container\"><div class=\"vc_column-inner\"><div class=\"w-iconbox iconpos_left style_default color_primary align_left\"><div class=\"w-iconbox-icon\" style=\"font-size:2rem;\"><i class=\"far fa-tachometer-alt-fastest\"><\/i><\/div><div class=\"w-iconbox-meta\"><h3 class=\"w-iconbox-title\" style=\"font-size:1.5rem;\">Dekorative Kunstgr\u00e4ser<\/h3><div class=\"w-iconbox-text\"><p>Unternehmen, die 7-mm-Kunstrasen, 10-mm-Kunstrasen, 15-mm-Kunstrasen, 20-mm-, 25-mm-Kunstrasen, 30-mm-Kunstrasen, 11-mm-Kunstrasen und Kunstrasen verkaufen, sind Landschaftsprodukte. Kunstrasen am Pool<\/p>\n<\/div><\/div><\/div><\/div><\/div><\/div><div class=\"w-separator size_large\"><\/div><div class=\"w-image us_custom_abd48e4e align_center\"><div class=\"w-image-h\"><img loading=\"lazy\" decoding=\"async\" width=\"1079\" height=\"580\" src=\"https:\/\/www.halisahayapanfirmalar.com\/resimler\/2023\/04\/akrilik-zemin-kaplama-basketbol-sahasi-1079x580-1.jpg\" class=\"attachment-shop_single size-shop_single\" alt=\"Acryl-Bodenbelag-Basketballplatz\" srcset=\"https:\/\/www.halisahayapanfirmalar.com\/resimler\/2023\/04\/akrilik-zemin-kaplama-basketbol-sahasi-1079x580-1.jpg 1079w, https:\/\/www.halisahayapanfirmalar.com\/resimler\/2023\/04\/akrilik-zemin-kaplama-basketbol-sahasi-1079x580-1-300x161.jpg 300w, https:\/\/www.halisahayapanfirmalar.com\/resimler\/2023\/04\/akrilik-zemin-kaplama-basketbol-sahasi-1079x580-1-1024x550.jpg 1024w\" sizes=\"auto, (max-width: 1079px) 100vw, 1079px\" \/><\/div><\/div><\/div><\/div><\/div><\/div><\/section><section class=\"l-section wpb_row height_custom color_primary\" id=\"fourth\"><div class=\"l-section-h i-cf\"><div class=\"g-cols vc_row via_grid cols_1 laptops-cols_inherit tablets-cols_inherit mobiles-cols_1 valign_top type_default stacking_default\"><div class=\"wpb_column vc_column_container\"><div class=\"vc_column-inner\"><div class=\"w-actionbox color_primary controls_right\"><div class=\"w-actionbox-text\"><h2 class=\"w-actionbox-title\">Kleine Details haben eine gro\u00dfe Wirkung!<\/h2><div class=\"w-actionbox-description\"><ul>\n<li>Bau eines Kunstrasenplatzes im Freien<\/li>\n<li>Bau eines Indoor-Kunstrasenplatzes<\/li>\n<li>Regelm\u00e4\u00dfiger Fu\u00dfballplatz- und Trib\u00fcnenbau<\/li>\n<li><a href=\"http:\/\/Unternehmen, die Kunstrasen herstellen\" data-wplink-url-error=\"true\">Unternehmen, die Kunstrasen herstellen<\/a><\/li>\n<li>Bau von Outdoor- und Indoor-Tennispl\u00e4tzen<\/li>\n<li>Bau eines Basketballplatzes<\/li>\n<li>Mehrzweckfeldbau<\/li>\n<li>Bau eines Volleyballplatzes<\/li>\n<li>Bau eines Tennisplatzes<\/li>\n<\/ul>\n<\/div><\/div><div class=\"w-actionbox-controls\"><a class=\"w-btn us-btn-style_4\" href=\"https:\/\/www.halisahayapanfirmalar.com\/de\/hali-saha-yapan-firmalar-iletisim\/\" style=\"font-size:1.2rem;\"><span class=\"w-btn-label\">Kontaktiere uns<\/span><\/a><\/div><\/div><\/div><\/div><\/div><\/div><\/section>","protected":false},"excerpt":{"rendered":"","protected":false},"author":1,"featured_media":7905,"parent":0,"menu_order":0,"comment_status":"closed","ping_status":"closed","template":"","meta":{"footnotes":""},"class_list":["post-6635","page","type-page","status-publish","has-post-thumbnail","hentry"],"aioseo_notices":[],"_links":{"self":[{"href":"https:\/\/www.halisahayapanfirmalar.com\/de\/wp-json\/wp\/v2\/pages\/6635","targetHints":{"allow":["GET"]}}],"collection":[{"href":"https:\/\/www.halisahayapanfirmalar.com\/de\/wp-json\/wp\/v2\/pages"}],"about":[{"href":"https:\/\/www.halisahayapanfirmalar.com\/de\/wp-json\/wp\/v2\/types\/page"}],"author":[{"embeddable":true,"href":"https:\/\/www.halisahayapanfirmalar.com\/de\/wp-json\/wp\/v2\/users\/1"}],"replies":[{"embeddable":true,"href":"https:\/\/www.halisahayapanfirmalar.com\/de\/wp-json\/wp\/v2\/comments?post=6635"}],"version-history":[{"count":0,"href":"https:\/\/www.halisahayapanfirmalar.com\/de\/wp-json\/wp\/v2\/pages\/6635\/revisions"}],"wp:featuredmedia":[{"embeddable":true,"href":"https:\/\/www.halisahayapanfirmalar.com\/de\/wp-json\/wp\/v2\/media\/7905"}],"wp:attachment":[{"href":"https:\/\/www.halisahayapanfirmalar.com\/de\/wp-json\/wp\/v2\/media?parent=6635"}],"curies":[{"name":"wp","href":"https:\/\/api.w.org\/{rel}","templated":true}]}}