{"id":6635,"date":"2024-01-20T14:40:15","date_gmt":"2024-01-20T11:40:15","guid":{"rendered":"http:\/\/impreza.us-themes.com\/?page_id=6635"},"modified":"2024-02-18T00:07:29","modified_gmt":"2024-02-17T21:07:29","slug":"halisahayapanfirmalar","status":"publish","type":"page","link":"https:\/\/www.halisahayapanfirmalar.com\/en\/","title":{"rendered":"hal\u0131 saha yapan firmalar Hal\u0131 saha Yap\u0131m\u0131"},"content":{"rendered":"<section class=\"l-section wpb_row height_custom color_primary with_shape\"><div class=\"l-section-shape type_zigzag pos_bottom\" style=\"height:15vmin;\"><svg xmlns=\"http:\/\/www.w3.org\/2000\/svg\" viewbox=\"0 0 64 8\" preserveaspectratio=\"none\" width=\"100%\" height=\"100%\">\r\n\t<path fill=\"currentColor\" d=\"M64 8 L0 8 L0 0 L20 7.9 L40 3 L48 5 L64 0 Z\"\/>\r\n<\/svg><\/div><div class=\"l-section-h i-cf\"><div class=\"g-cols vc_row via_grid cols_1 laptops-cols_inherit tablets-cols_inherit mobiles-cols_1 valign_top type_default stacking_default\"><div class=\"wpb_column vc_column_container\"><div class=\"vc_column-inner\"><h2 class=\"w-itext us_custom_2980cf9e type_fadeIn align_center disable_part_animation\" onclick='return {&quot;duration&quot;:250,&quot;delay&quot;:2000,&quot;disablePartAnimation&quot;:true,&quot;html_nbsp_char&quot;:false}'><span class=\"w-itext-part changesat_0 changesat_1 changesat_2 changesat_3 changesat_4 changesat_5 changesat_6 changesat_7 changesat_8 dynamic\" onclick='return [&quot;Hal\\u0131 Saha Yapan Firmalar&quot;,&quot;Basketbol Sahas\\u0131 Yapan Firmalar&quot;,&quot;\\u00c7ok Ama\\u00e7l\\u0131 Saha Yapan Firmalar&quot;,&quot;Hal\\u0131 Saha Branda&quot;,&quot;Hal\\u0131 Saha Gran\\u00fcl&quot;,&quot;Hl\\u0131 Saha \\u00c7uni \\u00c7im&quot;,&quot;55mm suni \\u00e7im&quot;,&quot;Hal\\u0131 Saha Yap\\u0131m\\u0131&quot;,&quot;Hal\\u0131 Saha Maliyeti&quot;]'><span>AstroTurf Field Construction<\/span><\/span><\/h2><div class=\"w-separator size_small\"><\/div><div class=\"w-btn-wrapper align_center\"><a class=\"w-btn us-btn-style_4 us_custom_04bac797\" target=\"_blank\" href=\"https:\/\/www.halisahayapanfirmalar.com\/en\/\" rel=\"noopener\"><span class=\"w-btn-label\">All Our Services<\/span><\/a><\/div><div class=\"w-separator size_custom\" style=\"height:12vh\"><\/div><\/div><\/div><\/div><\/div><\/section><section class=\"l-section wpb_row height_custom\" id=\"features\"><div class=\"l-section-h i-cf\"><div class=\"g-cols vc_row via_grid cols_4 laptops-cols_2 tablets-cols_2 mobiles-cols_1 valign_top type_default stacking_default\"><div class=\"wpb_column vc_column_container\"><div class=\"vc_column-inner\"><div class=\"w-iconbox iconpos_top style_default color_primary align_left\"><a href=\"#first\" class=\"w-iconbox-link\" aria-label=\"Outdoor AstroTurf Field Construction\"><div class=\"w-iconbox-icon\" style=\"font-size:3.3rem;\"><i class=\"fal fa-layer-group\"><\/i><\/div><\/a><div class=\"w-iconbox-meta\"><a href=\"#first\" class=\"w-iconbox-link\" aria-label=\"Outdoor AstroTurf Field Construction\"><h2 class=\"w-iconbox-title\" style=\"font-size:1.5rem;\">Outdoor AstroTurf Field Construction<\/h2><\/a><div class=\"w-iconbox-text\"><p>If you are looking for astro turf construction, companies that make astroturf turf, you are in the right place. Call us between 09-20 o'clock for details.<\/p>\n<\/div><\/div><\/div><\/div><\/div><div class=\"wpb_column vc_column_container\"><div class=\"vc_column-inner\"><div class=\"w-iconbox iconpos_top style_default color_primary align_left\"><a href=\"#second\" class=\"w-iconbox-link\" aria-label=\"Outdoor AstroTurf Field Construction\"><div class=\"w-iconbox-icon\" style=\"font-size:3.3rem;\"><i class=\"fal fa-pencil-ruler\"><\/i><\/div><\/a><div class=\"w-iconbox-meta\"><a href=\"#second\" class=\"w-iconbox-link\" aria-label=\"Outdoor AstroTurf Field Construction\"><h4 class=\"w-iconbox-title\">Outdoor AstroTurf Field Construction<\/h4><\/a><div class=\"w-iconbox-text\"><p>It is our job to build outdoor astro turf companies. We make and deliver your astro turf to you in as little as 20 days.<\/p>\n<\/div><\/div><\/div><\/div><\/div><div class=\"wpb_column vc_column_container\"><div class=\"vc_column-inner\"><div class=\"w-iconbox iconpos_top style_default color_primary align_left\"><a href=\"#third\" class=\"w-iconbox-link\" aria-label=\"AstroTurf Field Construction\"><div class=\"w-iconbox-icon\" style=\"font-size:3.3rem;\"><i class=\"fal fa-tablet-alt\"><\/i><\/div><\/a><div class=\"w-iconbox-meta\"><a href=\"#third\" class=\"w-iconbox-link\" aria-label=\"AstroTurf Field Construction\"><h2 class=\"w-iconbox-title\" style=\"font-size:1.5rem;\">AstroTurf Field Construction<\/h2><\/a><div class=\"w-iconbox-text\"><p>We undertake the construction of indoor astroturf pitches by companies that provide cost-effective indoor and outdoor astroturf pitches.<\/p>\n<\/div><\/div><\/div><\/div><\/div><div class=\"wpb_column vc_column_container\"><div class=\"vc_column-inner\"><div class=\"w-iconbox iconpos_top style_default color_primary align_left\"><a href=\"#fourth\" class=\"w-iconbox-link\" aria-label=\"Companies that make artificial turf\"><div class=\"w-iconbox-icon\" style=\"font-size:3.3rem;\"><i class=\"fal fa-tachometer-alt-fastest\"><\/i><\/div><\/a><div class=\"w-iconbox-meta\"><a href=\"#fourth\" class=\"w-iconbox-link\" aria-label=\"Companies that make artificial turf\"><h2 class=\"w-iconbox-title\" style=\"font-size:1.5rem;\">Companies that make artificial turf<\/h2><\/a><div class=\"w-iconbox-text\"><p>Companies that make astroturf - companies that make outdoor astroturf, astroturf carpet, astroturf tarpaulin, companies that make basketball courts, 180*105 glass backed hoops\u00a0<\/p>\n<\/div><\/div><\/div><\/div><\/div><\/div><\/div><\/section><section class=\"l-section wpb_row us_custom_29930c3d height_custom\" id=\"first\"><div class=\"l-section-h i-cf\"><div class=\"g-cols vc_row via_grid cols_1 laptops-cols_inherit tablets-cols_inherit mobiles-cols_1 valign_top type_default stacking_default\"><div class=\"wpb_column vc_column_container\"><div class=\"vc_column-inner\"><div class=\"w-btn-wrapper align_center\"><a class=\"w-btn us-btn-style_1\" href=\"\/en\/portfolio\/\"><span class=\"w-btn-label\">Some Sports Fields We Build<\/span><\/a><\/div><\/div><\/div><\/div><\/div><\/section><section class=\"l-section wpb_row us_custom_ce5ab39e height_custom color_primary with_img parallax_fixed with_shape\" id=\"second\"><div class=\"l-section-img\" data-img-width=\"2560\" data-img-height=\"1440\" style=\"background-image: url(https:\/\/www.halisahayapanfirmalar.com\/resimler\/2023\/04\/hali-sah-avadi-park-scaled.jpg);background-position: top left;background-repeat: no-repeat;\"><\/div><div class=\"l-section-overlay\" style=\"background:rgba(25,25,25,0.51)\"><\/div><div class=\"l-section-shape type_wave pos_bottom\" style=\"height:15vmin;\"><svg xmlns=\"http:\/\/www.w3.org\/2000\/svg\" viewbox=\"0 4 64 4\" preserveaspectratio=\"none\" width=\"100%\" height=\"100%\">\r\n\t<path fill=\"currentColor\" d=\"M64 6 C32 0 32 12 0 6 L0 8 L64 8 Z\"\/>\r\n<\/svg><\/div><div class=\"l-section-h i-cf\"><div class=\"g-cols vc_row via_grid cols_1 laptops-cols_inherit tablets-cols_inherit mobiles-cols_1 valign_middle type_default stacking_default\"><div class=\"wpb_column vc_column_container\"><div class=\"vc_column-inner\"><div class=\"wpb_text_column\"><div class=\"wpb_wrapper\"><h2 style=\"text-align: center;\">\u201cWe have built 100&#039;s of AstroTurf Fields and Sports Facilities so far.\u201d<\/h2>\n<\/div><\/div><div class=\"w-separator size_large\"><\/div><div class=\"g-cols wpb_row via_grid cols_4 laptops-cols_inherit tablets-cols_inherit mobiles-cols_1 valign_top type_default stacking_default\"><div class=\"wpb_column vc_column_container\"><div class=\"vc_column-inner\"><div class=\"w-counter us_custom_69e32a11 color_heading align_center has_font_size\" data-duration=\"2\"><div class=\"w-counter-value\"><span class=\"w-counter-value-part type_text\" data-final=\"\"><\/span><span class=\"w-counter-value-part type_number\" data-final=\"550\">0<\/span><span class=\"w-counter-value-part type_text\" data-final=\"+\">+<\/span><\/div><h3 class=\"w-counter-title\" style=\"font-size:1.2rem;\">Some Sports Fields We Build<\/h3><\/div><\/div><\/div><div class=\"wpb_column vc_column_container\"><div class=\"vc_column-inner\"><div class=\"w-counter us_custom_69e32a11 color_primary align_center has_font_size\" data-duration=\"2\"><div class=\"w-counter-value\"><span class=\"w-counter-value-part type_text\" data-final=\"\"><\/span><span class=\"w-counter-value-part type_number\" data-final=\"95\">0<\/span><span class=\"w-counter-value-part type_text\" data-final=\"%\">%<\/span><\/div><h3 class=\"w-counter-title\" style=\"font-size:1.2rem;\">Positive Feedback<\/h3><\/div><\/div><\/div><div class=\"wpb_column vc_column_container\"><div class=\"vc_column-inner\"><div class=\"w-counter us_custom_69e32a11 color_heading align_center has_font_size\" data-duration=\"2\"><div class=\"w-counter-value\"><span class=\"w-counter-value-part type_text\" data-final=\"\"><\/span><span class=\"w-counter-value-part type_number\" data-final=\"525\">0<\/span><span class=\"w-counter-value-part type_text\" data-final=\"\"><\/span><\/div><h3 class=\"w-counter-title\" style=\"font-size:1.2rem;\">Projects completed<\/h3><\/div><\/div><\/div><div class=\"wpb_column vc_column_container\"><div class=\"vc_column-inner\"><div class=\"w-counter us_custom_69e32a11 color_custom align_center has_font_size\" data-duration=\"2\"><div class=\"w-counter-value\" style=\"color:#fc0876;\"><span class=\"w-counter-value-part type_text\" data-final=\"$\">$<\/span><span class=\"w-counter-value-part type_number\" data-final=\"28\">0<\/span><span class=\"w-counter-value-part type_text\" data-final=\"\"><\/span><\/div><h3 class=\"w-counter-title\" style=\"font-size:1.2rem;\">Average Astroturf Field Cost<\/h3><\/div><\/div><\/div><\/div><div class=\"w-separator size_custom\" style=\"height:10vh\"><\/div><\/div><\/div><\/div><\/div><\/section><section class=\"l-section wpb_row us_custom_d375008d height_auto\" id=\"third\"><div class=\"l-section-h i-cf\"><div class=\"g-cols vc_row via_grid cols_1 laptops-cols_inherit tablets-cols_inherit mobiles-cols_1 valign_top type_default stacking_default\"><div class=\"wpb_column vc_column_container\"><div class=\"vc_column-inner\"><div class=\"w-separator size_huge\"><\/div><div class=\"wpb_text_column\"><div class=\"wpb_wrapper\"><h2 style=\"text-align: center;\">Some of Our Services<\/h2>\n<\/div><\/div><div class=\"w-separator size_large\"><\/div><div class=\"g-cols wpb_row via_grid cols_3 laptops-cols_inherit tablets-cols_inherit mobiles-cols_1 valign_top type_default stacking_default\"><div class=\"wpb_column vc_column_container\"><div class=\"vc_column-inner\"><div class=\"w-iconbox iconpos_left style_default color_primary align_left\"><div class=\"w-iconbox-icon\" style=\"font-size:2rem;\"><i class=\"far fa-layer-group\"><\/i><\/div><div class=\"w-iconbox-meta\"><h3 class=\"w-iconbox-title\" style=\"font-size:1.5rem;\">Artificial Turf Granule<\/h3><div class=\"w-iconbox-text\"><p>Companies selling artificial turf granules. Astroturf field granule factory. Companies selling artificial turf gray granules, black granules and white granules. What is the price per ton?<\/p>\n<\/div><\/div><\/div><\/div><\/div><div class=\"wpb_column vc_column_container\"><div class=\"vc_column-inner\"><div class=\"w-iconbox iconpos_left style_default color_primary align_left\"><div class=\"w-iconbox-icon\" style=\"font-size:2rem;\"><i class=\"far fa-thumbs-up\"><\/i><\/div><div class=\"w-iconbox-meta\"><h3 class=\"w-iconbox-title\" style=\"font-size:1.5rem;\">Astroturf Artificial Grass<\/h3><div class=\"w-iconbox-text\"><p>Astroturf artificial grass companies. Companies selling 55mm artificial turf for artificial turf, companies selling artificial turf carpets, companies producing and selling Fifa carpets<\/p>\n<\/div><\/div><\/div><\/div><\/div><div class=\"wpb_column vc_column_container\"><div class=\"vc_column-inner\"><div class=\"w-iconbox iconpos_left style_default color_primary align_left\"><div class=\"w-iconbox-icon\" style=\"font-size:2rem;\"><i class=\"far fa-tablet-alt\"><\/i><\/div><div class=\"w-iconbox-meta\"><h4 class=\"w-iconbox-title\">Artificial Turf Canvas<\/h4><div class=\"w-iconbox-text\"><p>Companies selling astroturf tarpaulins. Companies that make astroturf tarpaulins. Companies that repair artificial turf tarpaulins. Astroturf tarpaulin maker. Astroturf tarpaulin master<\/p>\n<\/div><\/div><\/div><\/div><\/div><div class=\"wpb_column vc_column_container\"><div class=\"vc_column-inner\"><div class=\"w-iconbox iconpos_left style_default color_primary align_left\"><div class=\"w-iconbox-icon\" style=\"font-size:2rem;\"><i class=\"far fa-heart\"><\/i><\/div><div class=\"w-iconbox-meta\"><h3 class=\"w-iconbox-title\" style=\"font-size:1.5rem;\">Artificial Turf Repair<\/h3><div class=\"w-iconbox-text\"><p>Companies that repair artificial turf. Artificial turf repair experts. Astroturf carpet repair. Artificial turf repair and repair.<\/p>\n<\/div><\/div><\/div><\/div><\/div><div class=\"wpb_column vc_column_container\"><div class=\"vc_column-inner\"><div class=\"w-iconbox iconpos_left style_default color_primary align_left\"><div class=\"w-iconbox-icon\" style=\"font-size:2rem;\"><i class=\"far fa-globe\"><\/i><\/div><div class=\"w-iconbox-meta\"><h4 class=\"w-iconbox-title\">Artificial Field Ceiling Net<\/h4><div class=\"w-iconbox-text\"><p>Companies selling astro turf ceiling net, astro turf ceiling net production companies, companies selling astro turf net, field net<\/p>\n<\/div><\/div><\/div><\/div><\/div><div class=\"wpb_column vc_column_container\"><div class=\"vc_column-inner\"><div class=\"w-iconbox iconpos_left style_default color_primary align_left\"><div class=\"w-iconbox-icon\" style=\"font-size:2rem;\"><i class=\"far fa-image\"><\/i><\/div><div class=\"w-iconbox-meta\"><h4 class=\"w-iconbox-title\">Acrylic Floor Application<\/h4><div class=\"w-iconbox-text\"><p>Acrylic Flooring Companies. Acrylic floor painter. Companies that make acrylic field paint. acrylic paint, acrylic<\/p>\n<\/div><\/div><\/div><\/div><\/div><div class=\"wpb_column vc_column_container\"><div class=\"vc_column-inner\"><div class=\"w-iconbox iconpos_left style_default color_primary align_left\"><div class=\"w-iconbox-icon\" style=\"font-size:2rem;\"><i class=\"far fa-th\"><\/i><\/div><div class=\"w-iconbox-meta\"><h3 class=\"w-iconbox-title\" style=\"font-size:1.5rem;\">Steel construction<\/h3><div class=\"w-iconbox-text\"><p>Artificial turf steel construction companies, factory warehouse hangar heavy light steel construction masters team masters company manufacturing assembly company<\/p>\n<\/div><\/div><\/div><\/div><\/div><div class=\"wpb_column vc_column_container\"><div class=\"vc_column-inner\"><div class=\"w-iconbox iconpos_left style_default color_primary align_left\"><div class=\"w-iconbox-icon\" style=\"font-size:2rem;\"><i class=\"far fa-th\"><\/i><\/div><div class=\"w-iconbox-meta\"><h3 class=\"w-iconbox-title\" style=\"font-size:1.5rem;\">Artificial Turf Wire Mesh<\/h3><div class=\"w-iconbox-text\"><p>Astroturf Field Wire Mesh PVC coated 5\u00d75 3mm 4*4, 3.5mm or artificial turf fence 5*5 3.5mm If you are looking for companies that make and sell artificial turf wire mesh, please contact us.<\/p>\n<\/div><\/div><\/div><\/div><\/div><div class=\"wpb_column vc_column_container\"><div class=\"vc_column-inner\"><div class=\"w-iconbox iconpos_left style_default color_primary align_left\"><div class=\"w-iconbox-icon\" style=\"font-size:2rem;\"><i class=\"far fa-th\"><\/i><\/div><div class=\"w-iconbox-meta\"><h3 class=\"w-iconbox-title\" style=\"font-size:1.5rem;\">Outdoor Astroturf Field Construction<\/h3><div class=\"w-iconbox-text\"><p>Companies that make outdoor artificial turf in T\u00fcrkiye\u00a0<a href=\"https:\/\/www.ikberspor.com\/\">Outdoor astroturf field construction<\/a> , outdoor astroturf field construction, outdoor astroturf field cost, 20\u00d740 50\u00d730 15*30 mini field<\/p>\n<\/div><\/div><\/div><\/div><\/div><div class=\"wpb_column vc_column_container\"><div class=\"vc_column-inner\"><div class=\"w-iconbox iconpos_left style_default color_primary align_left\"><div class=\"w-iconbox-icon\" style=\"font-size:2rem;\"><i class=\"far fa-code\"><\/i><\/div><div class=\"w-iconbox-meta\"><h3 class=\"w-iconbox-title\" style=\"font-size:1.5rem;\">Tennis court<\/h3><div class=\"w-iconbox-text\"><p>Tennis Court Making Companies We are here to give all the necessary information about Tennis Court Court cost and Tennis Court Court construction Tennis Court Court Construction company.<\/p>\n<\/div><\/div><\/div><\/div><\/div><div class=\"wpb_column vc_column_container\"><div class=\"vc_column-inner\"><div class=\"w-iconbox iconpos_left style_default color_primary align_left\"><div class=\"w-iconbox-icon\" style=\"font-size:2rem;\"><i class=\"far fa-edit\"><\/i><\/div><div class=\"w-iconbox-meta\"><h3 class=\"w-iconbox-title\" style=\"font-size:1.5rem;\">Indoor Astroturf Field Construction<\/h3><div class=\"w-iconbox-text\"><p>Contact us for Indoor Artificial Turf manufacturing companies, turnkey, installment indoor astroturf construction company, indoor astroturf pitch cost and indoor astroturf construction, you can call between 09-20 hours.<\/p>\n<\/div><\/div><\/div><\/div><\/div><div class=\"wpb_column vc_column_container\"><div class=\"vc_column-inner\"><div class=\"w-iconbox iconpos_left style_default color_primary align_left\"><a href=\"https:\/\/www.halisahayapanfirmalar.com\/en\/state-of-the-art-welding-master\/\" class=\"w-iconbox-link\" aria-label=\"Astroturf Field Welding Master\"><div class=\"w-iconbox-icon\" style=\"font-size:2rem;\"><i class=\"far fa-edit\"><\/i><\/div><\/a><div class=\"w-iconbox-meta\"><a href=\"https:\/\/www.halisahayapanfirmalar.com\/en\/state-of-the-art-welding-master\/\" class=\"w-iconbox-link\" aria-label=\"Astroturf Field Welding Master\"><h3 class=\"w-iconbox-title\" style=\"font-size:1.5rem;\">Astroturf Field Welding Master<\/h3><\/a><div class=\"w-iconbox-text\"><p>Indoor Astroturf Turf iron welding master, outdoor Astroturf field welding iron master, Astroturf field welder, carcass welding master, <a alt\"hal\u0131 saha kaynak ustaas\u0131\" href=\"https:\/\/www.halisahayapanfirmalar.com\/en\/state-of-the-art-welding-master\/\">astroturf iron welder<\/a> team, astro turf steel construction welding team masters.<\/p>\n<\/div><\/div><\/div><\/div><\/div><div class=\"wpb_column vc_column_container\"><div class=\"vc_column-inner\"><div class=\"w-iconbox iconpos_left style_default color_primary align_left\"><div class=\"w-iconbox-icon\" style=\"font-size:2rem;\"><i class=\"far fa-cog\"><\/i><\/div><div class=\"w-iconbox-meta\"><h3 class=\"w-iconbox-title\" style=\"font-size:1.5rem;\">Multi-Purpose Field<\/h3><div class=\"w-iconbox-text\"><p>Companies that make Multi-Purpose Fields Multi-Purpose field cost and Multi-Purpose field construction Multi-purpose basketball court m2 price, Multi-purpose sports field cost, Multi-purpose sports field m2 price,<\/p>\n<\/div><\/div><\/div><\/div><\/div><div class=\"wpb_column vc_column_container\"><div class=\"vc_column-inner\"><div class=\"w-iconbox iconpos_left style_default color_primary align_left\"><div class=\"w-iconbox-icon\" style=\"font-size:2rem;\"><i class=\"far fa-cog\"><\/i><\/div><div class=\"w-iconbox-meta\"><h3 class=\"w-iconbox-title\" style=\"font-size:1.5rem;\">Basketball Court Construction<\/h3><div class=\"w-iconbox-text\"><p>Basketball Court Making Companies, Basketball Court cost, Basketball Court hoop, basketball court construction company, companies selling basketball hoops, companies making basketball court acrylic<\/p>\n<\/div><\/div><\/div><\/div><\/div><div class=\"wpb_column vc_column_container\"><div class=\"vc_column-inner\"><div class=\"w-iconbox iconpos_left style_default color_primary align_left\"><div class=\"w-iconbox-icon\" style=\"font-size:2rem;\"><i class=\"far fa-tachometer-alt-fastest\"><\/i><\/div><div class=\"w-iconbox-meta\"><h3 class=\"w-iconbox-title\" style=\"font-size:1.5rem;\">Decorative artificial grasses<\/h3><div class=\"w-iconbox-text\"><p>Companies selling 7mm artificial grass, 10mm artificial grass, 15mm artificial grass, 20mm, 25mm artificial grass, 30mm artificial grass, 11mm artificial grass, artificial grass artificial grass are Landscape Products. poolside artificial grass<\/p>\n<\/div><\/div><\/div><\/div><\/div><\/div><div class=\"w-separator size_large\"><\/div><div class=\"w-image us_custom_abd48e4e align_center\"><div class=\"w-image-h\"><img loading=\"lazy\" decoding=\"async\" width=\"1079\" height=\"580\" src=\"https:\/\/www.halisahayapanfirmalar.com\/resimler\/2023\/04\/akrilik-zemin-kaplama-basketbol-sahasi-1079x580-1.jpg\" class=\"attachment-shop_single size-shop_single\" alt=\"acrylic-floor-covering-basketball-court\" srcset=\"https:\/\/www.halisahayapanfirmalar.com\/resimler\/2023\/04\/akrilik-zemin-kaplama-basketbol-sahasi-1079x580-1.jpg 1079w, https:\/\/www.halisahayapanfirmalar.com\/resimler\/2023\/04\/akrilik-zemin-kaplama-basketbol-sahasi-1079x580-1-300x161.jpg 300w, https:\/\/www.halisahayapanfirmalar.com\/resimler\/2023\/04\/akrilik-zemin-kaplama-basketbol-sahasi-1079x580-1-1024x550.jpg 1024w\" sizes=\"auto, (max-width: 1079px) 100vw, 1079px\" \/><\/div><\/div><\/div><\/div><\/div><\/div><\/section><section class=\"l-section wpb_row height_custom color_primary\" id=\"fourth\"><div class=\"l-section-h i-cf\"><div class=\"g-cols vc_row via_grid cols_1 laptops-cols_inherit tablets-cols_inherit mobiles-cols_1 valign_top type_default stacking_default\"><div class=\"wpb_column vc_column_container\"><div class=\"vc_column-inner\"><div class=\"w-actionbox color_primary controls_right\"><div class=\"w-actionbox-text\"><h2 class=\"w-actionbox-title\">Small Details Make a Big Impact!<\/h2><div class=\"w-actionbox-description\"><ul>\n<li>Outdoor astroturf field construction<\/li>\n<li>Indoor astroturf field construction<\/li>\n<li>Regular football field and tribune construction<\/li>\n<li><a href=\"http:\/\/Hal\u0131 saha yapan firmalar\" data-wplink-url-error=\"true\">Companies that make artificial turf<\/a><\/li>\n<li>Outdoor - indoor tennis court construction<\/li>\n<li>Basketball court construction<\/li>\n<li>Multi-purpose field construction<\/li>\n<li>Volleyball court construction<\/li>\n<li>Tennis court field construction<\/li>\n<\/ul>\n<\/div><\/div><div class=\"w-actionbox-controls\"><a class=\"w-btn us-btn-style_4\" href=\"https:\/\/www.halisahayapanfirmalar.com\/en\/carpet-making-companies-contact\/\" style=\"font-size:1.2rem;\"><span class=\"w-btn-label\">Contact us<\/span><\/a><\/div><\/div><\/div><\/div><\/div><\/div><\/section>","protected":false},"excerpt":{"rendered":"","protected":false},"author":1,"featured_media":7905,"parent":0,"menu_order":0,"comment_status":"closed","ping_status":"closed","template":"","meta":{"footnotes":""},"class_list":["post-6635","page","type-page","status-publish","has-post-thumbnail","hentry"],"aioseo_notices":[],"_links":{"self":[{"href":"https:\/\/www.halisahayapanfirmalar.com\/en\/wp-json\/wp\/v2\/pages\/6635","targetHints":{"allow":["GET"]}}],"collection":[{"href":"https:\/\/www.halisahayapanfirmalar.com\/en\/wp-json\/wp\/v2\/pages"}],"about":[{"href":"https:\/\/www.halisahayapanfirmalar.com\/en\/wp-json\/wp\/v2\/types\/page"}],"author":[{"embeddable":true,"href":"https:\/\/www.halisahayapanfirmalar.com\/en\/wp-json\/wp\/v2\/users\/1"}],"replies":[{"embeddable":true,"href":"https:\/\/www.halisahayapanfirmalar.com\/en\/wp-json\/wp\/v2\/comments?post=6635"}],"version-history":[{"count":0,"href":"https:\/\/www.halisahayapanfirmalar.com\/en\/wp-json\/wp\/v2\/pages\/6635\/revisions"}],"wp:featuredmedia":[{"embeddable":true,"href":"https:\/\/www.halisahayapanfirmalar.com\/en\/wp-json\/wp\/v2\/media\/7905"}],"wp:attachment":[{"href":"https:\/\/www.halisahayapanfirmalar.com\/en\/wp-json\/wp\/v2\/media?parent=6635"}],"curies":[{"name":"wp","href":"https:\/\/api.w.org\/{rel}","templated":true}]}}